{"id":7,"date":"2016-12-18T10:54:46","date_gmt":"2016-12-18T10:54:46","guid":{"rendered":"http:\/\/91.121.177.27\/?page_id=7"},"modified":"2026-04-27T21:35:28","modified_gmt":"2026-04-27T19:35:28","slug":"inicio","status":"publish","type":"page","link":"https:\/\/www.lutoencolores.org\/","title":{"rendered":"Inicio"},"content":{"rendered":"<p><img loading=\"lazy\" decoding=\"async\" class=\" wp-image-13 aligncenter\" src=\"https:\/\/lutoencolores.org\/wp-content\/uploads\/2016\/12\/LogoLuto.png\" alt=\"\" width=\"500\" height=\"157\" \/><\/p>\n<p><iframe loading=\"lazy\" title=\"Luto en Colores. Muerte, duelo, vida. Charlas, talleres, libro...\" width=\"660\" height=\"371\" src=\"https:\/\/www.youtube.com\/embed\/TmKxuHIOpBI?feature=oembed\" frameborder=\"0\" allow=\"accelerometer; autoplay; clipboard-write; encrypted-media; gyroscope; picture-in-picture; web-share\" referrerpolicy=\"strict-origin-when-cross-origin\" allowfullscreen><\/iframe><\/p>\n<p><strong><span class=\"_5mfr\" style=\"color: #008000;\"><span class=\"_6qdm\">\u2666<\/span><\/span>\u00a0LIBRO<\/strong>\u00a0<span style=\"color: #008000;\"><a style=\"color: #008000;\" href=\"http:\/\/lutoencolores.org\/index.php\/2018\/11\/30\/libro-luto-en-colores\/\" target=\"_blank\" rel=\"noopener\">Luto en Colores. Repensar la muerte para celebrar la vida.<\/a><br \/>\n<span style=\"color: #000000;\"><strong><span class=\"_5mfr\"><span class=\"_6qdm\"><span style=\"color: #008000;\">\u2666<\/span>\u00a0<\/span><\/span><\/strong><\/span><span style=\"color: #000000;\"><strong><span class=\"_5mfr\"><span class=\"_6qdm\"><span style=\"color: #008000;\">SESIONES individuales<\/span>\u00a0<\/span><\/span><\/strong><span class=\"_5mfr\"><span class=\"_6qdm\">(presencial o a distancia).\u00a0<\/span><\/span><span class=\"_5mfr\"><span class=\"_6qdm\">Dirigido a personas que han perdido a un ser querido (todo tipo de duelos), a personas en procesos al final de la vida, personas con inquietudes relacionadas con la muerte y personas con sentimientos de desconexi\u00f3n a la vida.<\/span><\/span><br \/>\n<strong style=\"color: #000000;\">M\u00e1s informaci\u00f3n:\u00a0<\/strong><strong style=\"color: #000000;\">+34 699 058 626 \/<\/strong> <strong>lutoencolores@gmail.com<\/strong><\/span><\/span><\/p>\n<p><em>Luto en Colores y \u00a1Con\u00e9ctate a la vida! son proyectos desarrollados desde la Asociacion C\u00f3mo lo Cuento (creada en 2014)<\/em><\/p>\n<p><span style=\"color: #008000;\"><span style=\"color: #000000;\"><strong><span class=\"_5mfr\"><span class=\"_6qdm\"><span style=\"color: #008000;\">\u2666<\/span><\/span><\/span><\/strong><\/span><span style=\"color: #008000;\">PR\u00d3XIMOS <\/span><strong style=\"color: #008000;\"><a style=\"color: #008000;\" href=\"http:\/\/lutoencolores.org\/index.php\/una-seccion-de-la-pagina-de-inicio\/\" target=\"_blank\" rel=\"noopener noreferrer\">TALLERES<\/a><\/strong><span style=\"color: #008000;\">y <\/span><strong style=\"color: #008000;\">ACTIVIDADES:<\/strong><\/span><\/p>\n<p><b><\/b><span style=\"color: #000000;\"><b><strong>\u2013\u00a0Taller ONLINE\u00a0<\/strong><\/b><b><strong><span style=\"color: #008000;\">&#8216;Vivir un duelo sano&#8217; <\/span><\/strong><\/b>(dirigido a personas que han perdido a un ser querido, todo tipo de duelos).<\/span> <span style=\"font-size: revert;\"><span style=\"color: #000000;\"><strong>Lunes<\/strong><strong> 27 abril, 4, 11 y 18 mayo<\/strong><\/span><\/span><span style=\"font-size: revert;\"><strong><span style=\"color: #000000;\"><br \/>\n<\/span><\/strong><span style=\"color: #000000;\">\u2013 LUGO. 14 marzo. Talleres Formaci\u00f3n Para Profesorado. <span style=\"color: #008000;\">Taller Luto en Colores sobre Duelo y Taller \u00a1Con\u00e9ctate a la Vida!<\/span> <\/span><span style=\"color: #000000;\">Organiza: CFR de Lugo.\u00a0<\/span><\/span><br \/>\n<strong style=\"color: #000000;\"><b>\u2013 ONLINE Taller <span style=\"color: #008000;\">&#8216;Formaci\u00f3n Luto en Colores: Muerte-Duelo-Vida&#8217;.\u00a0<\/span><\/b><\/strong><span style=\"color: #000000;\">Dirigido a personas que quieren acompa\u00f1ar a otras en sus procesos de duelo. <\/span><b><span style=\"color: #000000;\"><span style=\"caret-color: #000000;\">\u00a0<\/span><\/span><\/b><span style=\"font-size: revert;\"><span style=\"color: #000000;\">M\u00e1s informaci\u00f3n: +34 699 058 626 \/ lutoencolores@gmail.com<\/span> <strong><span style=\"color: #000000;\">Jueves 16, 23, 30 abril y 7 mayo<\/span><\/strong><\/span><span style=\"color: #000000;\"><span style=\"color: #008000;\"><span style=\"color: #000000;\"><br \/>\n<\/span><\/span><\/span><span style=\"color: #000000;\"><span style=\"color: #008000;\"><span style=\"color: #000000;\"><strong><b>\u2013 ONLINE Taller <span style=\"color: #008000;\">&#8216;La Transformaci\u00f3n de la Culpa&#8217;<\/span><\/b><\/strong> (dirigido a personas que han perdido a un ser querido por suicidio). <strong>8, 15, 22 y 29<\/strong><b>\u00a0abril<\/b><\/span><\/span><\/span><span style=\"caret-color: #000000;\"><span style=\"caret-color: #000000; font-weight: 600;\"><strong><b><strong><br \/>\n<\/strong><\/b><\/strong><\/span><\/span><b><\/b><span style=\"caret-color: #000000; color: #000000;\"><span style=\"caret-color: #000000; font-weight: 600;\"><strong><b><strong>\u2013 Taller ONLINE <\/strong><span style=\"color: #008000;\"><strong>&#8216;Del Miedo al Amor. Del Ego a la Esencia: Miedo-Culpa-Estr\u00e9s-Amor&#8217;.\u00a0<\/strong><\/span><\/b><\/strong><\/span><\/span><span style=\"font-size: revert;\">Dirigido a personas que quieran ponerle consciencia a los estados emocionales que generan sufrimiento para transformarlos y vivir con m\u00e1s armon\u00eda interna. (No es un Taller espec\u00edfico de duelo, es un taller para todo tipo de personas) <b>Martes<\/b><b> 5, 12, 19 y 26 mayo<\/b><b><br \/>\n<\/b><\/span><b style=\"font-size: revert;\"><\/b><b style=\"font-size: revert;\"><b><\/b><\/b><span style=\"caret-color: #000000; font-weight: 600;\"><strong><b><strong><strong style=\"color: #003300;\">\u2013 ONLINE\u00a0<\/strong><\/strong><span style=\"color: #008000;\">Taller &#8216;Abrazar la muerte para abrazar la vida&#8217;.<\/span>\u00a0<\/b><\/strong><\/span><span style=\"font-size: revert;\">\u00bfTienes miedo a la muerte? (Dirigido a personas que quieran abordar e integrar la muerte para vivir de forma m\u00e1s plena).<\/span> <strong>13 y 20 abril<\/strong><br \/>\n<span style=\"color: #008000;\"><span style=\"color: #000000;\"><strong><span style=\"color: #000000; caret-color: #000000;\"><span style=\"caret-color: #000000; font-weight: 600;\"><span style=\"caret-color: #000000;\"><b><strong style=\"color: #003300;\"><strong style=\"color: #000000;\">\u2013 ONLINE\u00a0<span style=\"color: #008000;\">Taller &#8216;La Liberaci\u00f3n del Duelo&#8217;.<\/span><\/strong><\/strong><\/b><\/span><\/span><\/span><\/strong> \u00bfSientes que ha pasado el tiempo y a\u00fan queda algo por sanar y liberar en tu duelo? (Dirigido a personas que han perdido a un ser querido).<\/span><\/span><strong style=\"font-size: revert; color: initial;\"><b><strong><span style=\"color: #000000;\"><span style=\"color: #333300;\">\u00a0 9, 16, 23 y 30 abril\u00a0<\/span><\/span><br \/>\n<\/strong><\/b><\/strong><span style=\"color: #000000;\"><strong>\u2013 <\/strong><strong>Taller online<\/strong><span style=\"color: #008000;\"><strong> \u00a1Con\u00e9ctate a la Vida! <\/strong><\/span>Dirigido a personas con sentimientos de desconexi\u00f3n a la vida.<br \/>\n*Para personas adultas: 15 abril<br \/>\n*<\/span><span style=\"color: #000000;\">Para adolescentes: 22 abril<br \/>\n<strong>\u2013 <\/strong><strong>Taller online <\/strong><strong><span style=\"color: #008000;\">\u00a1Con\u00e9ctate a la Vida! para Familias.<\/span> <\/strong>Dirigido a familiares de personas con sentimientos de desconexi\u00f3n a la vida. <b>S\u00e1bado 11 abril <\/b>(11:00-14:00, hora Espa\u00f1a)<br \/>\n<\/span><span style=\"color: #000000;\"><strong>\u2013 ONLINE\u00a0<\/strong><strong>Taller\u00a0<\/strong><\/span><span style=\"color: #008000;\"><strong>&#8216;Rec<\/strong><strong>onecta con la Esencia que eres&#8217;<\/strong><\/span><span style=\"color: #000000;\"><strong>.\u00a0<\/strong>(No es un Taller espec\u00edfico de duelo, es un taller para todo tipo de personas) <strong>Viernes 27 febrero <\/strong>(16:00-19:00)<strong><br \/>\n<\/strong><\/span><strong style=\"color: #000000;\"><b>\u2013 ONLINE <span style=\"color: #008000;\">Taller La Energ\u00eda de la Muerte y la Vida en tu \u00c1rbol Familiar.<\/span> 2, 9 y 16 marzo<\/b><\/strong><span style=\"color: #000000;\">\u00a0M\u00e1s informaci\u00f3n: +34 699 058 626 \/ lutoencolores@gmail.com<\/span><br \/>\n<b><strong><span style=\"color: #000000;\">\u2013 MADRID. S\u00e1bado 28 febrero. Tendremos dos <span style=\"caret-color: #000000;\">talleres<\/span>:<br \/>\n<span style=\"color: #008000;\">Taller Luto en Colores para personas en duelo<\/span><\/span><\/strong><\/b><b style=\"color: #000000;\"><strong>\u00a0<\/strong><\/b><span style=\"color: #000000;\">(dirigido a personas que han perdido a un ser querido, todo tipo de duelos). <b>11:00-14:00<br \/>\n<\/b><\/span><span style=\"color: #008000;\"><strong>Taller Con\u00e9ctate a la Vida para Familias<\/strong> <\/span>(dirigido a familiares de personas con ideas y sentimientos de desconexi\u00f3n a la vida) <strong>16:00-19:00<br \/>\n<\/strong><span style=\"color: #000000;\">M\u00e1s informaci\u00f3n: +34 699 058 626 \/ lutoencolores@gmail.com<\/span><strong><span style=\"color: #000000;\"><br \/>\n<b>\u2013 MADRID. S\u00e1bado 28 de marzo.<br \/>\n<span style=\"color: #008000;\">Taller La Transformaci\u00f3n de la Culpa.<\/span><\/b><\/span><\/strong><span style=\"color: #000000;\">(Dirigido a personas que han perdido a un ser querido por suicidio). <\/span><span style=\"color: #000000;\">10:30-18:30<\/span><br \/>\n<strong style=\"color: #000000;\"><strong>\u2013\u00a0<\/strong><\/strong><strong style=\"color: #000000;\">TALLER<\/strong><span style=\"color: #008000;\"><strong> \u00a1CON\u00c9CTATE A LA VIDA!<\/strong><\/span><span style=\"color: #000000;\">\u00a0-Prevenci\u00f3n del suicidio- Opci\u00f3n presencial y tambi\u00e9n online. Dirigido a personas con sentimientos de desconexi\u00f3n a la vida. Formato para adolescentes, formato para adultos y formato para familiares.<br \/>\n<\/span><!--more--><\/p>\n<p><strong style=\"color: #000000;\"><span class=\"_5mfr\"><span class=\"_6qdm\">\u2666\u00a0<\/span><\/span><span style=\"color: #008000;\">M\u00e1s informaci\u00f3n:\u00a0<\/span><br \/>\n<\/strong><strong style=\"color: #000000;\">+34 699 058 626 \/ lutoencolores@gmail.com<br \/>\n<\/strong>***(Posibilidad de otras fechas y horarios para los talleres online)<strong style=\"color: #000000;\"><br \/>\n***<\/strong>(Los Talleres se pueden adaptar tambi\u00e9n de forma individual)<strong style=\"color: #000000;\"><br \/>\n<span class=\"_5mfr\"><span class=\"_6qdm\">\u2666<\/span><\/span><span style=\"color: #008000;\">REGALA UN TALLER LUTO EN COLORES<br \/>\n<a href=\"https:\/\/www.instagram.com\/lutoencolores\/\" target=\"_blank\" rel=\"noopener\"><strong>@lutoencolores<\/strong><\/a><br \/>\n<\/span><\/strong><\/p>\n<p style=\"text-align: left;\"><a href=\"http:\/\/lutoencolores.org\/index.php\/2018\/11\/30\/libro-luto-en-colores\/\" target=\"_blank\" rel=\"noopener\"><img loading=\"lazy\" decoding=\"async\" class=\"alignleft wp-image-604\" src=\"https:\/\/lutoencolores.org\/wp-content\/uploads\/2018\/11\/Captura-de-pantalla-2018-11-22-a-las-10.39.15.png\" alt=\"\" width=\"295\" height=\"436\" \/><\/a><\/p>\n<p style=\"text-align: center;\"><strong><img loading=\"lazy\" decoding=\"async\" class=\"aligncenter wp-image-13\" src=\"https:\/\/lutoencolores.org\/wp-content\/uploads\/2016\/12\/LogoLuto.png\" alt=\"\" width=\"456\" height=\"143\" \/>LUTO en COLORES<\/strong><br \/>\n<strong> -Repensar la muerte para celebrar la vida-<\/strong><\/p>\n<p><img loading=\"lazy\" decoding=\"async\" class=\"aligncenter wp-image-87\" src=\"https:\/\/lutoencolores.org\/wp-content\/uploads\/2017\/03\/MandalaLuto.png\" alt=\"\" width=\"416\" height=\"407\" \/><\/p>\n<p style=\"text-align: left;\">Luto en Colores naci\u00f3 para romper el tab\u00fa del suicidio y de la muerte en general, para proponer caminos alternativos en el duelo, para sanar\u00a0el dolor y transformar el sufrimiento desde la creatividad y otras herramientas que nos permiten seguir caminando y, sobre todo, seguir confiando en la vida. Bienvenid@s a este hogar lleno de fueguitos de colores. Ojal\u00e1 encontr\u00e9is aqu\u00ed un calor sanador (y una burbuja de ox\u00edgeno para aligerar tristezas y cargas).<\/p>\n<p><iframe loading=\"lazy\" title=\"Canci\u00f3n &#039;Coloreas mis d\u00edas&#039; \/ Luto en Colores\" width=\"660\" height=\"371\" src=\"https:\/\/www.youtube.com\/embed\/6G8ovMV2Qp4?feature=oembed\" frameborder=\"0\" allow=\"accelerometer; autoplay; clipboard-write; encrypted-media; gyroscope; picture-in-picture; web-share\" referrerpolicy=\"strict-origin-when-cross-origin\" allowfullscreen><\/iframe><\/p>\n<p>*** Luto en Colores es un proyecto autofinanciado, gracias a las aportaciones y donativos podemos darle continuidad a nuestras actividades. Si quieres colaborar o hacer un donativo para apoyar el proyecto:<br \/>\n*Asociaci\u00f3n C\u00f3mo Lo Cuento \/ Luto en Colores<br \/>\nN\u00famero de Cuenta:\u00a0ES52 0073 0100 5705 0588 2215<br \/>\n*<a href=\"https:\/\/www.paypal.com\/donate?hosted_button_id=ZFUTGWYZJ9BCG\" target=\"_blank\" rel=\"noopener\">Paypal<\/a> Muchas gracias por vuestra colaboraci\u00f3n. Gracias por darnos alas.<\/p>\n<form action=\"https:\/\/www.paypal.com\/donate\" method=\"post\" target=\"_top\"><input name=\"hosted_button_id\" type=\"hidden\" value=\"ZFUTGWYZJ9BCG\" \/><br \/>\n<input title=\"PayPal - The safer, easier way to pay online!\" alt=\"Donate with PayPal button\" name=\"submit\" src=\"https:\/\/www.paypalobjects.com\/es_ES\/ES\/i\/btn\/btn_donateCC_LG.gif\" type=\"image\" \/><\/form>\n<p>&nbsp;<\/p>\n<p>https:\/\/www.youtube.com\/watch?v=M0c2De1PWgQhttps:\/\/www.youtube.com\/watch?v=M0c2De1PWgQ<\/p>\n","protected":false},"excerpt":{"rendered":"<p>\u2666\u00a0LIBRO\u00a0Luto en Colores. Repensar la muerte para celebrar la vida. \u2666\u00a0SESIONES individuales\u00a0(presencial o a distancia).\u00a0Dirigido a personas que han perdido a un ser querido (todo tipo de duelos), a personas en procesos al final de la vida, personas con inquietudes relacionadas con la muerte y personas con sentimientos de desconexi\u00f3n a la vida. M\u00e1s informaci\u00f3n:\u00a0+34 &hellip; <a href=\"https:\/\/www.lutoencolores.org\/\" class=\"more-link\">Contin\u00faa leyendo <span class=\"screen-reader-text\">Inicio<\/span><\/a><\/p>\n","protected":false},"author":1,"featured_media":0,"parent":0,"menu_order":0,"comment_status":"closed","ping_status":"closed","template":"","meta":{"footnotes":""},"class_list":["post-7","page","type-page","status-publish","hentry"],"_links":{"self":[{"href":"https:\/\/www.lutoencolores.org\/index.php\/wp-json\/wp\/v2\/pages\/7"}],"collection":[{"href":"https:\/\/www.lutoencolores.org\/index.php\/wp-json\/wp\/v2\/pages"}],"about":[{"href":"https:\/\/www.lutoencolores.org\/index.php\/wp-json\/wp\/v2\/types\/page"}],"author":[{"embeddable":true,"href":"https:\/\/www.lutoencolores.org\/index.php\/wp-json\/wp\/v2\/users\/1"}],"replies":[{"embeddable":true,"href":"https:\/\/www.lutoencolores.org\/index.php\/wp-json\/wp\/v2\/comments?post=7"}],"version-history":[{"count":1613,"href":"https:\/\/www.lutoencolores.org\/index.php\/wp-json\/wp\/v2\/pages\/7\/revisions"}],"predecessor-version":[{"id":4913,"href":"https:\/\/www.lutoencolores.org\/index.php\/wp-json\/wp\/v2\/pages\/7\/revisions\/4913"}],"wp:attachment":[{"href":"https:\/\/www.lutoencolores.org\/index.php\/wp-json\/wp\/v2\/media?parent=7"}],"curies":[{"name":"wp","href":"https:\/\/api.w.org\/{rel}","templated":true}]}}