{"id":4491,"date":"2025-01-21T14:25:11","date_gmt":"2025-01-21T13:25:11","guid":{"rendered":"https:\/\/www.lutoencolores.org\/?page_id=4491"},"modified":"2026-02-23T11:49:43","modified_gmt":"2026-02-23T10:49:43","slug":"conectate-a-la-vida","status":"publish","type":"page","link":"https:\/\/www.lutoencolores.org\/index.php\/conectate-a-la-vida\/","title":{"rendered":"\u00a1Con\u00e9ctate a la Vida!"},"content":{"rendered":"\n<p><img loading=\"lazy\" decoding=\"async\" width=\"430\" height=\"430\" class=\"wp-image-4492\" style=\"width: 430px;\" src=\"https:\/\/www.lutoencolores.org\/wp-content\/uploads\/2025\/01\/ConectateCascada.jpg\" alt=\"\" srcset=\"https:\/\/www.lutoencolores.org\/wp-content\/uploads\/2025\/01\/ConectateCascada.jpg 1080w, https:\/\/www.lutoencolores.org\/wp-content\/uploads\/2025\/01\/ConectateCascada-300x300.jpg 300w, https:\/\/www.lutoencolores.org\/wp-content\/uploads\/2025\/01\/ConectateCascada-1024x1024.jpg 1024w, https:\/\/www.lutoencolores.org\/wp-content\/uploads\/2025\/01\/ConectateCascada-150x150.jpg 150w, https:\/\/www.lutoencolores.org\/wp-content\/uploads\/2025\/01\/ConectateCascada-768x768.jpg 768w\" sizes=\"(max-width: 430px) 100vw, 430px\" \/><\/p>\n\n\n\n<p>Cuando naci\u00f3 Luto en Colores en 2014, el proyecto se focaliz\u00f3 en generar espacios para hablar de la muerte por suicidio, romper tab\u00faes y silencios y apoyar a personas en sus procesos de duelo. Luto en Colores fue tambi\u00e9n una apuesta clara para hablar de la muerte y de la vida con naturalidad, buscando caminos de sanaci\u00f3n para transformar el dolor.<br>Pero desde el primer momento, recibimos tambi\u00e9n mensajes de personas que estaban atravesando un malestar vital, con ideaci\u00f3n suicida, intentos autol\u00edticos o sentimientos de lo desconexi\u00f3n a la vida. Sent\u00edan que Luto en Colores abr\u00eda un escenario distinto para poder hablar de todo esto, abriendo ventanas de aire fresco, posibilidades, caminos, alternativas (complementarias a los tratamientos m\u00e9dicos que pueda o no tener cada persona).<br>Desde ah\u00ed se fue tejiendo poco a poco el espacio<strong> \u00a1Con\u00e9ctate a la Vida! <\/strong>compuesto de charlas, talleres, sesiones y diversas actividades complementarias para compartir esa diversidad vivencial y emocional.<\/p>\n\n\n\n<p><strong>TALLER \u00a1CON\u00c9CTATE A LA VIDA!&nbsp;<\/strong><br>Dirigido en sentido amplio, a personas que puedan estar atravesando situaciones de dolor, desesperanza, ansiedad, miedo, y en sentido espec\u00edfico a personas con ideas suicidas, intentos autol\u00edticos o sentimientos de desconexi\u00f3n con la vida.<br>Un espacio complementario, din\u00e1mico y vivencial, para abordar desde una mirada amplia, integradora y multidisciplinar, la desconexi\u00f3n vital y poner luz a las capacidades internas que nos reconectan a la experiencia de vivir.&nbsp;<br>Se trata de un espacio en el que buscamos generar un lugar de encuentro que sea un soplo de aire fresco que ayude a comprender, aligerar y adquirir herramientas para sostener la Vida en toda su diversidad, con sus momentos de oscuridad y sus momentos de luz. Nombrarlos e integrarlos sin juicio para conectar con la esencia vital que late en nuestro interior.<br>Formato para adolescentes y formato para personas adultas. Opciones online y presencial.<\/p>\n\n\n\n<p><strong>TALLER \u00a1CON\u00c9CTATE A LA VIDA! PARA FAMILIARES<\/strong><\/p>\n\n\n\n<p>Dirigido en sentido amplio a familiares que quieran adquirir herramientas de gesti\u00f3n emocional, y en sentido espec\u00edfico, a familiares de personas que est\u00e9n experimentando sentimientos de desconexi\u00f3n a la vida, ideaci\u00f3n suicida o intentos autol\u00edticos, familiares de personas que puedan estar experimentando ansiedad, miedo, estados depresivos, frustraci\u00f3n, angustia, confusi\u00f3n, desinter\u00e9s por la&nbsp;vida, desesperanza o que puedan estar teniendo determinados trastornos de conducta, percepciones o vivencias que no puedan comprender.<br>A menudo el entorno familiar se encuentra desbordado ante estas situaciones y en este espacio tratamos de traer un soplo de aire fresco para aligerar cargas emocionales (presi\u00f3n, miedo, angustia, preocupaci\u00f3n, dolor, desgaste, etc) y adquirir herramientas que ayuden a sostener, cuidar y cuidarse, poner luz y comprensi\u00f3n al proceso.&nbsp;<br>Un taller en el que buscamos generar un lugar de encuentro para compartir, liberar y transitar estas situaciones de una forma m\u00e1s saludable para todos.<br><br>* Talleres y charlas para centros aducativos y espacios formativos<br><strong>M\u00e1s informaci\u00f3n: lutoencolores@gmail.com \/  +34 699 058 626<\/strong><\/p>\n\n\n\n<figure class=\"wp-block-embed is-type-video is-provider-youtube wp-block-embed-youtube wp-embed-aspect-16-9 wp-has-aspect-ratio\"><div class=\"wp-block-embed__wrapper\">\n<iframe loading=\"lazy\" title=\"Spot Campa\u00f1a &quot;Efecto Llamada&quot;. Somos5, Luto en Colores, \u00a1Con\u00e9ctate a la Vida!\" width=\"660\" height=\"371\" src=\"https:\/\/www.youtube.com\/embed\/s_9h-OT2u_c?feature=oembed\" frameborder=\"0\" allow=\"accelerometer; autoplay; clipboard-write; encrypted-media; gyroscope; picture-in-picture; web-share\" referrerpolicy=\"strict-origin-when-cross-origin\" allowfullscreen><\/iframe>\n<\/div><figcaption class=\"wp-element-caption\"><a href=\"https:\/\/www.youtube.com\/watch?v=9wM2rJ8PH3E\">https:\/\/www.youtube.com\/watch?v=9wM2rJ8PH3E<\/a><\/figcaption><\/figure>\n\n\n\n<figure class=\"wp-block-embed is-type-video is-provider-youtube wp-block-embed-youtube wp-embed-aspect-16-9 wp-has-aspect-ratio\"><div class=\"wp-block-embed__wrapper\">\n<iframe loading=\"lazy\" title=\"Canci\u00f3n \u00a1Con\u00e9ctate a la Vida! \/ Canto Coral IES Francisco Umbral de Ciempozuelos \/ Luto en Colores\" width=\"660\" height=\"371\" src=\"https:\/\/www.youtube.com\/embed\/9wM2rJ8PH3E?feature=oembed\" frameborder=\"0\" allow=\"accelerometer; autoplay; clipboard-write; encrypted-media; gyroscope; picture-in-picture; web-share\" referrerpolicy=\"strict-origin-when-cross-origin\" allowfullscreen><\/iframe>\n<\/div><\/figure>\n\n\n\n<p><strong>RECURSOS SOBRE PREVENCI\u00d3N DEL SUICIDIO<\/strong><br>&#8211; Tel\u00e9fono Emergencias <strong>112<\/strong><br>&#8211; Tel\u00e9fono de atenci\u00f3n a la conducta suicida <strong>024 <\/strong><br>&#8211; Tel\u00e9fono de la Esperanza <a href=\"https:\/\/www.telefonodelaesperanza.org\/\" target=\"_blank\" rel=\"noreferrer noopener\">https:\/\/www.telefonodelaesperanza.org\/<\/a><br>&#8211; Tel\u00e9fono prevenci\u00f3n suicidio <a href=\"https:\/\/www.telefonocontraelsuicidio.org\/\" target=\"_blank\" rel=\"noreferrer noopener\">https:\/\/www.telefonocontraelsuicidio.org\/<\/a><br>&#8211; La Barandilla <a href=\"https:\/\/www.labarandilla.org\" target=\"_blank\" rel=\"noreferrer noopener\">https:\/\/www.labarandilla.org<\/a><br>&#8211; Confederaci\u00f3n Espa\u00f1ola de Agrupaciones de Familiares y Personas con Enfermedad Mental<br><a href=\"https:\/\/consaludmental.org\" data-type=\"link\" data-id=\"https:\/\/consaludmental.org\" target=\"_blank\" rel=\"noreferrer noopener\">www.consaludmental.org<\/a><br>&#8211; Red Aipis&nbsp;<a href=\"https:\/\/www.redaipis.org\" target=\"_blank\" rel=\"noreferrer noopener\">https:\/\/www.redaipis.org<\/a><br>-Fundaci\u00f3n Espa\u00f1ola para la Prevenci\u00f3n del Suicidio <a href=\"https:\/\/www.fsme.es\" target=\"_blank\" rel=\"noreferrer noopener\">https:\/\/www.fsme.es<\/a> <\/p>\n\n\n\n<p><\/p>\n\n\n\n<p><strong>GU\u00cdAS Y MATERIALES:<\/strong><br><br>&#8211; Gu\u00eda sobre prevenci\u00f3n del suicidio:&nbsp;<a href=\"https:\/\/consaludmental.org\/publicaciones\/Guiaprevencionsuicidio.pdf\" target=\"_blank\" rel=\"noreferrer noopener\">https:\/\/consaludmental.org\/publicaciones\/Guiaprevencionsuicidio.pdf<\/a><br>&#8211; Gu\u00eda de promocion del bienestar emocional, prevenci\u00f3n, detecci\u00f3n e intervenci\u00f3n ante la conducta suicida en el \u00e1mbito educativo. Gobierno de Asturias. <a href=\"https:\/\/www.astursalud.es\/documents\/35439\/36689\/Guia+Conducta+suicida+en+Centros+Educativos.pdf\/74ff7562-31cc-4896-7e27-fe684e99623f?t=1675255501214\" target=\"_blank\" rel=\"noreferrer noopener\">https:\/\/www.astursalud.es\/documents\/35439\/36689\/Guia+Conducta+suicida+en+Centros+Educativos.pdf\/74ff7562-31cc-4896-7e27-fe684e99623f?t=1675255501214<\/a><br>&#8211; Gu\u00eda de actuaci\u00f3n ante indicadores de conductas suicidas o autol\u00edticas en el \u00e1mbito educativo: <a href=\"https:\/\/zenodo.org\/record\/4120838#.X8i7Ml57nSw\" target=\"_blank\" rel=\"noreferrer noopener\">https:\/\/zenodo.org\/record\/4120838#.X8i7Ml57nSw<\/a><br>&#8211; Gu\u00eda prevenci\u00f3n acoso escolar de Unicef:<a href=\"https:\/\/www.unicef.es\/sites\/unicef.es\/files\/recursos\/acoso-escolar\/UNICEF-Guia-Prevenir-Acoso-Escolar-2024.pdf?ac=AC-4023\" data-type=\"link\" data-id=\"https:\/\/www.unicef.es\/sites\/unicef.es\/files\/recursos\/acoso-escolar\/UNICEF-Guia-Prevenir-Acoso-Escolar-2024.pdf?ac=AC-4023\" target=\"_blank\" rel=\"noreferrer noopener\"> Descargar<\/a><br>&#8211; Gu\u00eda de pr\u00e1ctica cl\u00ednica de prevenci\u00f3n y tratamiento de la conducta suicida. Ministerio de Sanidad: <a href=\"https:\/\/www.sanidad.gob.es\/areas\/calidadAsistencial\/estrategias\/saludMental\/docs\/GPC_Conducta_Suicida.pdf\" target=\"_blank\" rel=\"noreferrer noopener\">https:\/\/www.sanidad.gob.es\/areas\/calidadAsistencial\/estrategias\/saludMental\/docs\/GPC_Conducta_Suicida.pdf<\/a><br>&#8211; Gu\u00eda \u00bfC\u00f3mo te ha ido el d\u00eda? de Save The Children (para padres y madres): <a href=\"https:\/\/www.savethechildren.es\/actualidad\/guia-salud-mental-ninos-ninas\">https:\/\/www.savethechildren.es\/actualidad\/guia-salud-mental-ninos-ninas<\/a><br>&#8211; Gu\u00eda Uso Redes Sociales para adolescentes:<br><a href=\"https:\/\/www.uma.es\/media\/files\/1_GUIA_RRSS_Alta_resolucion.pdf\">https:\/\/www.uma.es\/media\/files\/1_GUIA_RRSS_Alta_resolucion.pdf<\/a><br>&#8211; Gu\u00eda Uso seguro redes sociales e internet (para profesionales): <a href=\"https:\/\/observatoriodelainfancia.juventudeinfancia.gob.es\/sites\/default\/files\/2025-03\/Guia_Internet_Accesible_2_Con_cubiertas_alta_resolucion.pdf\">https:\/\/observatoriodelainfancia.juventudeinfancia.gob.es\/sites\/default\/files\/2025-03\/Guia_Internet_Accesible_2_Con_cubiertas_alta_resolucion.pdf<\/a><br>&#8211; Gu\u00eda uso redes sociales para aprender a desconectar de la red para adultos: <a href=\"https:\/\/www.uma.es\/media\/files\/Gu\u00eda_RRSS_adultos.pdf\">https:\/\/www.uma.es\/media\/files\/Gu\u00eda_RRSS_adultos.pdf<\/a><br><\/p>\n\n\n\n<p><\/p>\n","protected":false},"excerpt":{"rendered":"<p>Cuando naci\u00f3 Luto en Colores en 2014, el proyecto se focaliz\u00f3 en generar espacios para hablar de la muerte por suicidio, romper tab\u00faes y silencios y apoyar a personas en sus procesos de duelo. Luto en Colores fue tambi\u00e9n una apuesta clara para hablar de la muerte y de la vida con naturalidad, buscando caminos &hellip; <a href=\"https:\/\/www.lutoencolores.org\/index.php\/conectate-a-la-vida\/\" class=\"more-link\">Contin\u00faa leyendo <span class=\"screen-reader-text\">\u00a1Con\u00e9ctate a la Vida!<\/span><\/a><\/p>\n","protected":false},"author":1,"featured_media":0,"parent":0,"menu_order":0,"comment_status":"closed","ping_status":"closed","template":"","meta":{"footnotes":""},"class_list":["post-4491","page","type-page","status-publish","hentry"],"_links":{"self":[{"href":"https:\/\/www.lutoencolores.org\/index.php\/wp-json\/wp\/v2\/pages\/4491"}],"collection":[{"href":"https:\/\/www.lutoencolores.org\/index.php\/wp-json\/wp\/v2\/pages"}],"about":[{"href":"https:\/\/www.lutoencolores.org\/index.php\/wp-json\/wp\/v2\/types\/page"}],"author":[{"embeddable":true,"href":"https:\/\/www.lutoencolores.org\/index.php\/wp-json\/wp\/v2\/users\/1"}],"replies":[{"embeddable":true,"href":"https:\/\/www.lutoencolores.org\/index.php\/wp-json\/wp\/v2\/comments?post=4491"}],"version-history":[{"count":20,"href":"https:\/\/www.lutoencolores.org\/index.php\/wp-json\/wp\/v2\/pages\/4491\/revisions"}],"predecessor-version":[{"id":4879,"href":"https:\/\/www.lutoencolores.org\/index.php\/wp-json\/wp\/v2\/pages\/4491\/revisions\/4879"}],"wp:attachment":[{"href":"https:\/\/www.lutoencolores.org\/index.php\/wp-json\/wp\/v2\/media?parent=4491"}],"curies":[{"name":"wp","href":"https:\/\/api.w.org\/{rel}","templated":true}]}}